{"id":20823,"date":"2015-05-24T00:16:10","date_gmt":"2015-05-23T22:16:10","guid":{"rendered":"http:\/\/www.steamfantasy.it\/blog\/?page_id=20823"},"modified":"2015-05-26T20:12:24","modified_gmt":"2015-05-26T18:12:24","slug":"privacy-policy-e-cookie","status":"publish","type":"page","link":"https:\/\/www.steamfantasy.it\/blog\/privacy-policy-e-cookie\/","title":{"rendered":"Privacy Policy e Cookie"},"content":{"rendered":"<p style=\"text-align: justify;\">&#8220;Baionette Librarie&#8221;, da qui in poi il &#8220;Blog&#8221;, \u00e8 un sito amatoriale e personale, i cui contenuti scritti sono rilasciati con licenza Creative Commons.\u00a0 Come tutti i siti, anche questo Blog \u00e8 tenuto a informarvi sull&#8217;uso dei vostri dati personali e dei cookie. Potrete trovare un banner che vi illustra in breve la presenza di cookie in ogni pagina del sito. Potete far scomparire il banner cliccando &#8220;Ok&#8221; per dare il consenso. In questa pagina potete trovare le indicazioni estese.<\/p>\n<p style=\"text-align: justify;\">Questa pagina \u00e8 raggiungibile anche tramite link collocato in fondo a tutte le pagine del Blog ai sensi dell\u2019art. 122, 2\u00b0 comma del D. lgs. 196\/2003, secondo le modalit\u00e0 semplificate per l\u2019informativa e l\u2019acquisizione del consenso per l\u2019uso dei cookie pubblicata sulla Gazzetta Ufficiale n. 126 del 3\/6\/2014.<\/p>\n<h2 style=\"text-align: justify;\"><strong><span style=\"color: #800000;\">Privacy<\/span><\/strong><\/h2>\n<p style=\"text-align: justify;\">Questo Blog tiene traccia di alcune informazioni per scopo esclusivamente interno. Queste informazioni non verranno mai rivelate n\u00e9 usate per modificare la vostra navigazione su internet a scopo commerciale o promozionale. Per esempio questo Blog rileva il tuo IP e registra in che pagina sei entrato quando hai iniziato la sessione e quante pagine hai visitato sul Blog prima di terminare la sessione.<\/p>\n<p style=\"text-align: justify;\">Essendo tutto per uso esclusivamente interno, questi cookie di analisi sono considerati cookie tecnici (permessi) e non cookie di profilazione (vietati senza consenso) dal Garante, vedesi <a href=\"http:\/\/www.garanteprivacy.it\/garante\/doc.jsp?ID=3118884\">provvedimento del 8 maggio 2014<\/a>. Per la definizione di cookie, vedi la sezione successiva.<\/p>\n<p style=\"text-align: justify;\">Quando commentate, il Blog registra il vostro IP e lo abbina agli altri dati forniti col commento. L&#8217;IP viene usato a scopo tecnico antispam dal plugin Akismet, confrontandolo con banche dati di IP spambot e bloccando il commento nel caso provenga da un IP sospettato di attivit\u00e0 illecite.<\/p>\n<p style=\"text-align: justify;\">Dopo aver commentato non potrete modificare il commento, ma potrete richiedere via <a href=\"mailto:carraronan@gmail.com\">email<\/a> o con un altro commento di effettuare modifiche al commento precedente da voi scritto, indicandolo con precisione.<\/p>\n<p style=\"text-align: justify;\">L&#8217;IP non verr\u00e0 comunicato ad altri e verr\u00e0 usato solo a fine antispam e antitroll, per identificare commentatori che simulano di essere pi\u00f9 persone diverse. In caso di reati (es: stalking o diffamazione) sar\u00e0 anche comunicato su richiesta alle autorit\u00e0 per aiutare l&#8217;identificazione di chi, nel testo del commento, ha commesso il reato.<\/p>\n<h2 style=\"text-align: justify;\"><strong><span style=\"color: #800000;\">Cookie<\/span><\/strong><\/h2>\n<p style=\"text-align: justify;\">Riporto la <a href=\"https:\/\/www.google.com\/policies\/technologies\/cookies\/\">definizione data da Google<\/a>:<\/p>\n<blockquote>\n<p style=\"text-align: justify;\">Un cookie \u00e8 un breve testo inviato al tuo browser da un sito web visitato. Consente al sito di memorizzare informazioni sulla tua visita, come la tua lingua preferita e altre impostazioni. Ci\u00f2 pu\u00f2 facilitare la tua visita successiva e aumentare l&#8217;utilit\u00e0 del sito a tuo favore. I cookie svolgono un ruolo importante. Senza di essi, l&#8217;utilizzo del Web sarebbe un&#8217;esperienza molto pi\u00f9 frustrante.<\/p>\n<\/blockquote>\n<p style=\"text-align: justify;\">I cookie vengono utilizzati per vari scopi.<br \/>\nCi sono per esempio i <strong>cookie tecnici<\/strong>, per cui NON \u00e8 richiesto alcun consenso e non \u00e8 obbligatorio informare l&#8217;utente. Questi cookie si dividono in persistenti e di sessione. I cookie persistenti durano per un tempo predeterminato prima di cancellarsi. Quelli di sessione scompaiono quando chiudete il browser.<\/p>\n<p style=\"text-align: justify;\">I cookie tecnici sono necessari per il semplice funzionamento del Blog. E forniscono qualche piccolo aiuto a voi quando commentate. I cookie tecnici per esempio si ricordano il modo in cui avete compilato i campi del nome e della email quando volete inviare un commento e vi propongono di reinserire queste informazioni come la volta precedente.<\/p>\n<p style=\"text-align: justify;\">Questo sito non installa <strong>cookie di profilazione:<\/strong> questi sono cookie utilizzati per tracciare la navigazione dell&#8217;utente in rete e creare profili sui suoi gusti, abitudini, scelte, ecc. in base alle sua navigazioni in diversi siti, alle sue ricerche. Tramite questi cookie possono essere trasmessi al terminale dell&#8217;utente messaggi pubblicitari in linea con le preferenze gi\u00e0 manifestate dallo stesso utente nella navigazione: per esempio in Google Ads.<\/p>\n<p style=\"text-align: justify;\">A parte i cookie tecnici e di analisi del traffico (vedi privacy, prima) o quelli di profilazione (non usati), sono presenti in questo sito <strong>cookie di terze parti per cui \u00e8 richiesto il tuo consenso,<\/strong> qui elencati con link di approfondimento:<\/p>\n<ul>\n<li style=\"text-align: justify;\"><span style=\"color: #800000;\"><strong>Facebook Social Plugins<\/strong><\/span>: utilizzato per mostrarvi il box con gli iscritti alla pagina del Blog su Facebook e per condividere gli articoli. (<a href=\"https:\/\/www.ghostery.com\/it\/apps\/facebook_social_plugins\">Maggiori informazioni qui<\/a> &#8211; <a href=\"https:\/\/www.facebook.com\/full_data_use_policy\">Privacy<\/a>)<\/li>\n<li style=\"text-align: justify;\"><strong><span style=\"color: #800000;\">Twitter Badge<\/span><\/strong>: utilizzato per la condivisione degli articoli. (<a href=\"https:\/\/www.ghostery.com\/it\/apps\/twitter_badge\">Maggiori informazioni qui<\/a> &#8211; <a href=\"https:\/\/twitter.com\/privacy\">Privacy<\/a>)<\/li>\n<li style=\"text-align: justify;\"><span style=\"color: #800000;\"><strong>Google Analytics<\/strong><\/span>: raccoglie informazioni di traffico per fornire una panoramica utile a capire quali pagine vengono visualizzate, quanto a lungo ecc. (<a href=\"https:\/\/www.ghostery.com\/it\/apps\/google_analytics\">Maggiori informazioni qui<\/a> &#8211; <a href=\"http:\/\/www.google.com\/intl\/en\/policies\/privacy\/\">Privacy<\/a>)<br \/>\nATTENZIONE: questi cookie sono spesso di &#8220;profilazione&#8221; (ovvero tracciano il comportamento dell&#8217;utente in modo NON anonimo), ma in questo caso <em>non vi dovete preoccupare<\/em> perch\u00e9 si \u00e8 scelto di inviare i vostri dati in formato con IP ANONIMO.<\/li>\n<li style=\"text-align: justify;\"><span style=\"color: #800000;\"><strong>Gravatar<\/strong><\/span>: fornisce un avatar di vostra scelta al vostro commento, se siete registrati, dandovene uno sempre uguale abbinato alla mail con cui commentate, qualunque sia il sito collegato a Gravatar in cui commentate. (<a href=\"https:\/\/www.ghostery.com\/it\/apps\/gravatar\">Maggiori informazioni qui<\/a> &#8211; <a href=\"http:\/\/automattic.com\/privacy\/\">Privacy<\/a>)<\/li>\n<li style=\"text-align: justify;\"><span style=\"color: #800000;\"><strong>WordPress Stats<\/strong><\/span>: statistiche anonime aggregate per analizzare il traffico sul sito a livello di pagine viste, link cliccati in uscita e provenienza in entrata da altri siti. Non mostrato il vostro IP e non tracciano la vostra singola navigazione sul sito: come detto sono anonime. (<a href=\"https:\/\/www.ghostery.com\/it\/apps\/wordpress_stats\">Maggiori informazioni qui<\/a> &#8211; <a href=\"http:\/\/automattic.com\/privacy\/\">Privacy<\/a>)<\/li>\n<\/ul>\n<p style=\"text-align: justify;\">Potete rilevare la presenza di questi cookie tramite plugin come <a href=\"https:\/\/addons.mozilla.org\/it\/firefox\/addon\/ghostery\/\">Ghostery per Firefox<\/a>.<\/p>\n<h2 style=\"text-align: justify;\"><strong><span style=\"color: #800000;\">Disattivare i cookie<\/span><\/strong><\/h2>\n<p style=\"text-align: justify;\">Potete disattivare i cookie di terze parti tramite plugin come <a href=\"https:\/\/addons.mozilla.org\/it\/firefox\/addon\/ghostery\/\">Ghostery per Firefox<\/a>. Oppure potete procedere manualmente. Ogni browser ha una procedura diversa, per cui non posso indicarvele tutte. A titolo di esempio vi indicher\u00f2 le procedure per alcuni browser molto diffusi.<\/p>\n<ul>\n<li style=\"text-align: justify;\"><strong>Internet Explorer (da 6.0 a 9.0)<\/strong><br \/>\nCliccate su &#8220;Strumenti&#8221; nella barra dei men\u00f9 (in alto sul browser), selezionate &#8220;Opzioni Internet&#8221; e andate sulla scheda &#8220;Privacy&#8221;. Per avere attivi i cookie nel browser, assicuratevi che il livello di privacy sia impostato su Medio o inferiore. Impostando il livello di privacy al di sopra di Medio disattiverete l\u2019utilizzo dei cookie.<\/li>\n<li style=\"text-align: justify;\"><strong>Firefox<\/strong><br \/>\nCliccate su &#8220;Strumenti&#8221; nella barra dei men\u00f9 (in alto sul browser) e selezionate &#8220;Opzioni&#8221;, quindi fate click sulla scheda &#8220;Privacy&#8221;. Qui potete modificare le impostazioni, incluso decidere di attivare l&#8217;<a href=\"https:\/\/www.mozilla.org\/it\/firefox\/dnt\/\">antitracciamento<\/a>.<\/li>\n<li style=\"text-align: justify;\"><strong>Chrome<\/strong><br \/>\nScrivete nella barra degli indirizzi <em>chrome:\/\/settings\/content<\/em> e si aprir\u00e0 un box in cui gestire cookie ed eccezioni.<\/li>\n<li style=\"text-align: justify;\"><strong>Safari<\/strong><br \/>\nSelezionare la voce \u201cPreferenze\u201d e poi scegliere \u201cPrivacy\u201d. Nella sezione Blocca Cookie indicare in che modo Safari deve accettare i cookie dai siti internet.<\/li>\n<\/ul>\n<p>Grazie per la lettura.<br \/>\nContinuando senza aver disattivato i cookie date implicitamente il consenso al loro utilizzo. Per far scomparire il banner che vi avvisa dei cookie, cliccate sul pulsante di &#8220;Ok&#8221;.<\/p>\n","protected":false},"excerpt":{"rendered":"<p>&#8220;Baionette Librarie&#8221;, da qui in poi il &#8220;Blog&#8221;, \u00e8 un sito amatoriale e personale, i cui contenuti scritti sono rilasciati con licenza Creative Commons.\u00a0 Come<a href=\"https:\/\/www.steamfantasy.it\/blog\/privacy-policy-e-cookie\/\" class=\"read-more\">Continua a leggere<\/a><\/p>\n","protected":false},"author":1,"featured_media":0,"parent":0,"menu_order":0,"comment_status":"open","ping_status":"closed","template":"","meta":{"jetpack_post_was_ever_published":false,"footnotes":""},"yoast_head":"<!-- This site is optimized with the Yoast SEO plugin v17.5 - https:\/\/yoast.com\/wordpress\/plugins\/seo\/ -->\n<title>Privacy Policy e Cookie | Baionette Librarie<\/title>\n<meta name=\"robots\" content=\"index, follow, max-snippet:-1, max-image-preview:large, max-video-preview:-1\" \/>\n<link rel=\"canonical\" href=\"https:\/\/www.steamfantasy.it\/blog\/privacy-policy-e-cookie\/\" \/>\n<meta property=\"og:locale\" content=\"it_IT\" \/>\n<meta property=\"og:type\" content=\"article\" \/>\n<meta property=\"og:title\" content=\"Privacy Policy e Cookie | Baionette Librarie\" \/>\n<meta property=\"og:description\" content=\"&#8220;Baionette Librarie&#8221;, da qui in poi il &#8220;Blog&#8221;, \u00e8 un sito amatoriale e personale, i cui contenuti scritti sono rilasciati con licenza Creative Commons.\u00a0 ComeContinua a leggere\" \/>\n<meta property=\"og:url\" content=\"https:\/\/www.steamfantasy.it\/blog\/privacy-policy-e-cookie\/\" \/>\n<meta property=\"og:site_name\" content=\"Baionette Librarie\" \/>\n<meta property=\"article:modified_time\" content=\"2015-05-26T18:12:24+00:00\" \/>\n<meta name=\"twitter:card\" content=\"summary_large_image\" \/>\n<meta name=\"twitter:site\" content=\"@DucadiBaionette\" \/>\n<meta name=\"twitter:label1\" content=\"Tempo di lettura stimato\" \/>\n\t<meta name=\"twitter:data1\" content=\"5 minuti\" \/>\n<script type=\"application\/ld+json\" class=\"yoast-schema-graph\">{\"@context\":\"https:\/\/schema.org\",\"@graph\":[{\"@type\":[\"Person\",\"Organization\"],\"@id\":\"https:\/\/www.steamfantasy.it\/blog\/#\/schema\/person\/266e080252318183758aec8bce553a0e\",\"name\":\"Il Duca di Baionette\",\"image\":{\"@type\":\"ImageObject\",\"@id\":\"https:\/\/www.steamfantasy.it\/blog\/#personlogo\",\"inLanguage\":\"it-IT\",\"url\":\"https:\/\/secure.gravatar.com\/avatar\/7704bf4dd24314ee178e39c3a51e37e1?s=96&d=monsterid&r=r\",\"contentUrl\":\"https:\/\/secure.gravatar.com\/avatar\/7704bf4dd24314ee178e39c3a51e37e1?s=96&d=monsterid&r=r\",\"caption\":\"Il Duca di Baionette\"},\"logo\":{\"@id\":\"https:\/\/www.steamfantasy.it\/blog\/#personlogo\"},\"description\":\"Sono appassionato di storia, neuroscienze e storytelling. Per lavoro gestisco corsi, online e dal vivo, di scrittura creativa e progettazione delle storie. Dal 2006 mi occupo in modo costante di narrativa fantastica e tecniche di scrittura. Nel 2007 ho fondato Baionette Librarie e nel gennaio 2012 ho avviato AgenziaDuca.it per trovare bravi autori e aiutarli a migliorare con corsi di scrittura mirati. Dal 2014 sono ideatore e direttore editoriale della collana di narrativa fantastica Vaporteppa. Nel gennaio 2017 ho avviato un canale YouTube.\",\"sameAs\":[\"http:\/\/www.steamfantasy.it\/blog\"]},{\"@type\":\"WebSite\",\"@id\":\"https:\/\/www.steamfantasy.it\/blog\/#website\",\"url\":\"https:\/\/www.steamfantasy.it\/blog\/\",\"name\":\"Baionette Librarie\",\"description\":\"La Libert\\u00e0 \\u00e8 la libert\\u00e0 di dire che due pi\\u00f9 due fa quattro\",\"publisher\":{\"@id\":\"https:\/\/www.steamfantasy.it\/blog\/#\/schema\/person\/266e080252318183758aec8bce553a0e\"},\"potentialAction\":[{\"@type\":\"SearchAction\",\"target\":{\"@type\":\"EntryPoint\",\"urlTemplate\":\"https:\/\/www.steamfantasy.it\/blog\/?s={search_term_string}\"},\"query-input\":\"required name=search_term_string\"}],\"inLanguage\":\"it-IT\"},{\"@type\":\"WebPage\",\"@id\":\"https:\/\/www.steamfantasy.it\/blog\/privacy-policy-e-cookie\/#webpage\",\"url\":\"https:\/\/www.steamfantasy.it\/blog\/privacy-policy-e-cookie\/\",\"name\":\"Privacy Policy e Cookie | Baionette Librarie\",\"isPartOf\":{\"@id\":\"https:\/\/www.steamfantasy.it\/blog\/#website\"},\"datePublished\":\"2015-05-23T22:16:10+00:00\",\"dateModified\":\"2015-05-26T18:12:24+00:00\",\"breadcrumb\":{\"@id\":\"https:\/\/www.steamfantasy.it\/blog\/privacy-policy-e-cookie\/#breadcrumb\"},\"inLanguage\":\"it-IT\",\"potentialAction\":[{\"@type\":\"ReadAction\",\"target\":[\"https:\/\/www.steamfantasy.it\/blog\/privacy-policy-e-cookie\/\"]}]},{\"@type\":\"BreadcrumbList\",\"@id\":\"https:\/\/www.steamfantasy.it\/blog\/privacy-policy-e-cookie\/#breadcrumb\",\"itemListElement\":[{\"@type\":\"ListItem\",\"position\":1,\"name\":\"Home\",\"item\":\"https:\/\/www.steamfantasy.it\/blog\/\"},{\"@type\":\"ListItem\",\"position\":2,\"name\":\"Privacy Policy e Cookie\"}]}]}<\/script>\n<!-- \/ Yoast SEO plugin. -->","yoast_head_json":{"title":"Privacy Policy e Cookie | Baionette Librarie","robots":{"index":"index","follow":"follow","max-snippet":"max-snippet:-1","max-image-preview":"max-image-preview:large","max-video-preview":"max-video-preview:-1"},"canonical":"https:\/\/www.steamfantasy.it\/blog\/privacy-policy-e-cookie\/","og_locale":"it_IT","og_type":"article","og_title":"Privacy Policy e Cookie | Baionette Librarie","og_description":"&#8220;Baionette Librarie&#8221;, da qui in poi il &#8220;Blog&#8221;, \u00e8 un sito amatoriale e personale, i cui contenuti scritti sono rilasciati con licenza Creative Commons.\u00a0 ComeContinua a leggere","og_url":"https:\/\/www.steamfantasy.it\/blog\/privacy-policy-e-cookie\/","og_site_name":"Baionette Librarie","article_modified_time":"2015-05-26T18:12:24+00:00","twitter_card":"summary_large_image","twitter_site":"@DucadiBaionette","twitter_misc":{"Tempo di lettura stimato":"5 minuti"},"schema":{"@context":"https:\/\/schema.org","@graph":[{"@type":["Person","Organization"],"@id":"https:\/\/www.steamfantasy.it\/blog\/#\/schema\/person\/266e080252318183758aec8bce553a0e","name":"Il Duca di Baionette","image":{"@type":"ImageObject","@id":"https:\/\/www.steamfantasy.it\/blog\/#personlogo","inLanguage":"it-IT","url":"https:\/\/secure.gravatar.com\/avatar\/7704bf4dd24314ee178e39c3a51e37e1?s=96&d=monsterid&r=r","contentUrl":"https:\/\/secure.gravatar.com\/avatar\/7704bf4dd24314ee178e39c3a51e37e1?s=96&d=monsterid&r=r","caption":"Il Duca di Baionette"},"logo":{"@id":"https:\/\/www.steamfantasy.it\/blog\/#personlogo"},"description":"Sono appassionato di storia, neuroscienze e storytelling. Per lavoro gestisco corsi, online e dal vivo, di scrittura creativa e progettazione delle storie. Dal 2006 mi occupo in modo costante di narrativa fantastica e tecniche di scrittura. Nel 2007 ho fondato Baionette Librarie e nel gennaio 2012 ho avviato AgenziaDuca.it per trovare bravi autori e aiutarli a migliorare con corsi di scrittura mirati. Dal 2014 sono ideatore e direttore editoriale della collana di narrativa fantastica Vaporteppa. Nel gennaio 2017 ho avviato un canale YouTube.","sameAs":["http:\/\/www.steamfantasy.it\/blog"]},{"@type":"WebSite","@id":"https:\/\/www.steamfantasy.it\/blog\/#website","url":"https:\/\/www.steamfantasy.it\/blog\/","name":"Baionette Librarie","description":"La Libert\u00e0 \u00e8 la libert\u00e0 di dire che due pi\u00f9 due fa quattro","publisher":{"@id":"https:\/\/www.steamfantasy.it\/blog\/#\/schema\/person\/266e080252318183758aec8bce553a0e"},"potentialAction":[{"@type":"SearchAction","target":{"@type":"EntryPoint","urlTemplate":"https:\/\/www.steamfantasy.it\/blog\/?s={search_term_string}"},"query-input":"required name=search_term_string"}],"inLanguage":"it-IT"},{"@type":"WebPage","@id":"https:\/\/www.steamfantasy.it\/blog\/privacy-policy-e-cookie\/#webpage","url":"https:\/\/www.steamfantasy.it\/blog\/privacy-policy-e-cookie\/","name":"Privacy Policy e Cookie | Baionette Librarie","isPartOf":{"@id":"https:\/\/www.steamfantasy.it\/blog\/#website"},"datePublished":"2015-05-23T22:16:10+00:00","dateModified":"2015-05-26T18:12:24+00:00","breadcrumb":{"@id":"https:\/\/www.steamfantasy.it\/blog\/privacy-policy-e-cookie\/#breadcrumb"},"inLanguage":"it-IT","potentialAction":[{"@type":"ReadAction","target":["https:\/\/www.steamfantasy.it\/blog\/privacy-policy-e-cookie\/"]}]},{"@type":"BreadcrumbList","@id":"https:\/\/www.steamfantasy.it\/blog\/privacy-policy-e-cookie\/#breadcrumb","itemListElement":[{"@type":"ListItem","position":1,"name":"Home","item":"https:\/\/www.steamfantasy.it\/blog\/"},{"@type":"ListItem","position":2,"name":"Privacy Policy e Cookie"}]}]}},"jetpack_shortlink":"https:\/\/wp.me\/Pd1SA-5pR","jetpack_sharing_enabled":true,"jetpack-related-posts":[],"_links":{"self":[{"href":"https:\/\/www.steamfantasy.it\/blog\/wp-json\/wp\/v2\/pages\/20823"}],"collection":[{"href":"https:\/\/www.steamfantasy.it\/blog\/wp-json\/wp\/v2\/pages"}],"about":[{"href":"https:\/\/www.steamfantasy.it\/blog\/wp-json\/wp\/v2\/types\/page"}],"author":[{"embeddable":true,"href":"https:\/\/www.steamfantasy.it\/blog\/wp-json\/wp\/v2\/users\/1"}],"replies":[{"embeddable":true,"href":"https:\/\/www.steamfantasy.it\/blog\/wp-json\/wp\/v2\/comments?post=20823"}],"version-history":[{"count":0,"href":"https:\/\/www.steamfantasy.it\/blog\/wp-json\/wp\/v2\/pages\/20823\/revisions"}],"wp:attachment":[{"href":"https:\/\/www.steamfantasy.it\/blog\/wp-json\/wp\/v2\/media?parent=20823"}],"curies":[{"name":"wp","href":"https:\/\/api.w.org\/{rel}","templated":true}]}}