{"id":3,"date":"2007-10-26T23:40:39","date_gmt":"2007-10-26T21:40:39","guid":{"rendered":"http:\/\/www.steamfantasy.it\/blog\/informazioni-sul-sito\/"},"modified":"2019-11-21T21:42:26","modified_gmt":"2019-11-21T20:42:26","slug":"informazioni-sul-sito","status":"publish","type":"page","link":"https:\/\/www.steamfantasy.it\/blog\/informazioni-sul-sito\/","title":{"rendered":"Chi \u00e8 il Duca di Baionette"},"content":{"rendered":"<p style=\"text-align: justify;\"><a href=\"http:\/\/www.steamfantasy.it\/blog\/wp-content\/uploads\/2018\/12\/Duca_avatar-small-2.jpg\"><img loading=\"lazy\" decoding=\"async\" class=\"alignleft wp-image-24639\" src=\"https:\/\/www.steamfantasy.it\/blog\/wp-content\/uploads\/2018\/12\/Duca_avatar-small-2.jpg\" alt=\"\" width=\"200\" height=\"287\" \/><\/a>Grazie per aver visitato il mio blog, Io sono il <strong>Duca di Baionette<\/strong>, nome d&#8217;arte sul web di Marco Carrara, e (stringendo-stringendo) sono un insegnante di scrittura creativa e storytelling. In pratica mi occupo di formare nuovi autori di narrativa e supportarli nella realizzazione delle loro opere.<\/p>\n<p style=\"text-align: justify;\">Quando posso, se scrivono narrativa Fantasy o Fantascienza (incluso Horror fantastico, Steampunk ecc.), li pubblico nella collana di cui sono direttore editoriale.<\/p>\n<p>Questo molto in sintesi. Per altri dettagli sulle mie attivit\u00e0 dal 2007 a oggi prosegui la lettura. ;-)<\/p>\n<h2><span style=\"color: #800000;\"><strong>Pi\u00f9 dettagli.<\/strong><\/span><\/h2>\n<p style=\"text-align: justify;\">Nel 2007 ho fondato questo blog, <a title=\"Baionette Librarie\" href=\"http:\/\/www.steamfantasy.it\/blog\/\"><em>Baionette Librarie<\/em><\/a>. Essendo appassionato di storia dell&#8217;Ottocento e di Prima Et\u00e0 Moderna, di oplologia (armi e armature), di combattimento individuale, di Steampunk e di narrativa Fantasy, gli articoli dei primi anni hanno rispecchiato questi interessi. Successivamente ho ampliato con altri argomenti, per esempio dal 2008 al 2011 sono stato molto attivo sull&#8217;ambito eBook ed editoria digitale.<\/p>\n<p style=\"text-align: justify;\">Nel 2008 ho curato la componente di balistica terminale per il <strong>documentario di <em>History Channel Italia<\/em> dedicato alla Battaglia di Pavia del 1525<\/strong>: scelta dell&#8217;archibugio e della piastra di acciaio in commercio pi\u00f9 idonea a simulare per qualit\u00e0 e spessore gli acciai delle corazze dei cavalieri francesi in quegli anni. Il test <a href=\"http:\/\/www.steamfantasy.it\/blog\/2009\/01\/06\/a-pavia-con-history-channel-italia\/\">and\u00f2 alla perfezione<\/a>, come previsto: un bel foro tondo a distanza ravvicinata perfino con una carica di polvere nera modesta.<\/p>\n<p style=\"text-align: justify;\">Dal 2011 al 2013 sono stato ospite fisso del programma <em><a href=\"http:\/\/www.gaffi.it\/carta-vetrata.shtml\" target=\"_blank\" rel=\"noopener noreferrer\">Carta Vetrata<\/a><\/em>, di Alberto Gaffi, su <em>Radio Citt\u00e0 Futura<\/em>, per parlare di Steampunk, Fantascienza, eBook e aspetti tecnici della Narrativa.<\/p>\n<p>Nel gennaio 2012 ho avviato <a title=\"Agenzia Duca, formazione per autori\" href=\"https:\/\/www.agenziaduca.it\"><em>AgenziaDuca.it<\/em><\/a> per trovare bravi autori e aiutarli a migliorare. Questa attivit\u00e0 dal 2018 si \u00e8 evoluta dal solo insegnamento diretto, uno a uno via Skype, a un <strong>corso online formato da videolezioni<\/strong> (con annessa trascrizione e podcast), accompagnato da un <a href=\"https:\/\/www.agenziaduca.it\/manuale-gratuito-scrittura-creativa\"><strong>manuale gratuito di scrittura creativa<\/strong><\/a>.<\/p>\n<p>N\u00e9 il corso online n\u00e9 il PDF sono focalizzati sul Fantasy: si parla di <strong>narrativa in generale<\/strong>. Diversi articoli sulla progettazione delle storie (storytelling) e scrittura creativa sono disponibili anche su questo blog e sono divenuti gli argomenti principali del sito a partire dal 2017, assieme all&#8217;apertura del mio canale dedicato alla scrittura creativa su YouTube.<\/p>\n<p style=\"text-align: justify;\">Dal 2014 sono curatore editoriale per la collana di narrativa fantastica <a href=\"http:\/\/www.vaporteppa.it\"><em>Vaporteppa<\/em><\/a>, da me ideata e fondata all&#8217;interno di Antonio Tombolini Editore. La prima collana in Italia a portare i romanzi dell&#8217;autore statunitense di bizarro fiction Carlton Mellick III. Dal 2019 la collana ha fatto un ulteriore salto di qualit\u00e0 e ha raggiunto la distribuzione nelle librerie fisiche grazie ad Acheron Books, che l&#8217;ha adottata. :-)<\/p>\n<p style=\"text-align: center;\">Per contattarmi mandate una mail qui:<br \/>\n<a href=\"mailto:ducadibaionette@gmail.com\"><strong><em>ducadibaionette@gmail.com<\/em><\/strong><\/a><\/p>\n<p>&nbsp;<\/p>\n","protected":false},"excerpt":{"rendered":"<p>Grazie per aver visitato il mio blog, Io sono il Duca di Baionette, nome d&#8217;arte sul web di Marco Carrara, e (stringendo-stringendo) sono un insegnante<a href=\"https:\/\/www.steamfantasy.it\/blog\/informazioni-sul-sito\/\" class=\"read-more\">Continua a leggere<\/a><\/p>\n","protected":false},"author":1,"featured_media":0,"parent":0,"menu_order":0,"comment_status":"closed","ping_status":"closed","template":"","meta":{"jetpack_post_was_ever_published":false,"footnotes":""},"yoast_head":"<!-- This site is optimized with the Yoast SEO plugin v17.5 - https:\/\/yoast.com\/wordpress\/plugins\/seo\/ -->\n<title>Chi \u00e8 il Duca di Baionette | Baionette Librarie<\/title>\n<meta name=\"robots\" content=\"index, follow, max-snippet:-1, max-image-preview:large, max-video-preview:-1\" \/>\n<link rel=\"canonical\" href=\"https:\/\/www.steamfantasy.it\/blog\/informazioni-sul-sito\/\" \/>\n<meta property=\"og:locale\" content=\"it_IT\" \/>\n<meta property=\"og:type\" content=\"article\" \/>\n<meta property=\"og:title\" content=\"Chi \u00e8 il Duca di Baionette | Baionette Librarie\" \/>\n<meta property=\"og:description\" content=\"Grazie per aver visitato il mio blog, Io sono il Duca di Baionette, nome d&#8217;arte sul web di Marco Carrara, e (stringendo-stringendo) sono un insegnanteContinua a leggere\" \/>\n<meta property=\"og:url\" content=\"https:\/\/www.steamfantasy.it\/blog\/informazioni-sul-sito\/\" \/>\n<meta property=\"og:site_name\" content=\"Baionette Librarie\" \/>\n<meta property=\"article:modified_time\" content=\"2019-11-21T20:42:26+00:00\" \/>\n<meta property=\"og:image\" content=\"https:\/\/www.steamfantasy.it\/blog\/wp-content\/uploads\/2018\/12\/Duca_avatar-small-2.jpg\" \/>\n<meta name=\"twitter:card\" content=\"summary_large_image\" \/>\n<meta name=\"twitter:site\" content=\"@DucadiBaionette\" \/>\n<meta name=\"twitter:label1\" content=\"Tempo di lettura stimato\" \/>\n\t<meta name=\"twitter:data1\" content=\"2 minuti\" \/>\n<script type=\"application\/ld+json\" class=\"yoast-schema-graph\">{\"@context\":\"https:\/\/schema.org\",\"@graph\":[{\"@type\":[\"Person\",\"Organization\"],\"@id\":\"https:\/\/www.steamfantasy.it\/blog\/#\/schema\/person\/266e080252318183758aec8bce553a0e\",\"name\":\"Il Duca di Baionette\",\"image\":{\"@type\":\"ImageObject\",\"@id\":\"https:\/\/www.steamfantasy.it\/blog\/#personlogo\",\"inLanguage\":\"it-IT\",\"url\":\"https:\/\/secure.gravatar.com\/avatar\/7704bf4dd24314ee178e39c3a51e37e1?s=96&d=monsterid&r=r\",\"contentUrl\":\"https:\/\/secure.gravatar.com\/avatar\/7704bf4dd24314ee178e39c3a51e37e1?s=96&d=monsterid&r=r\",\"caption\":\"Il Duca di Baionette\"},\"logo\":{\"@id\":\"https:\/\/www.steamfantasy.it\/blog\/#personlogo\"},\"description\":\"Sono appassionato di storia, neuroscienze e storytelling. Per lavoro gestisco corsi, online e dal vivo, di scrittura creativa e progettazione delle storie. Dal 2006 mi occupo in modo costante di narrativa fantastica e tecniche di scrittura. Nel 2007 ho fondato Baionette Librarie e nel gennaio 2012 ho avviato AgenziaDuca.it per trovare bravi autori e aiutarli a migliorare con corsi di scrittura mirati. Dal 2014 sono ideatore e direttore editoriale della collana di narrativa fantastica Vaporteppa. Nel gennaio 2017 ho avviato un canale YouTube.\",\"sameAs\":[\"http:\/\/www.steamfantasy.it\/blog\"]},{\"@type\":\"WebSite\",\"@id\":\"https:\/\/www.steamfantasy.it\/blog\/#website\",\"url\":\"https:\/\/www.steamfantasy.it\/blog\/\",\"name\":\"Baionette Librarie\",\"description\":\"La Libert\\u00e0 \\u00e8 la libert\\u00e0 di dire che due pi\\u00f9 due fa quattro\",\"publisher\":{\"@id\":\"https:\/\/www.steamfantasy.it\/blog\/#\/schema\/person\/266e080252318183758aec8bce553a0e\"},\"potentialAction\":[{\"@type\":\"SearchAction\",\"target\":{\"@type\":\"EntryPoint\",\"urlTemplate\":\"https:\/\/www.steamfantasy.it\/blog\/?s={search_term_string}\"},\"query-input\":\"required name=search_term_string\"}],\"inLanguage\":\"it-IT\"},{\"@type\":\"ImageObject\",\"@id\":\"https:\/\/www.steamfantasy.it\/blog\/informazioni-sul-sito\/#primaryimage\",\"inLanguage\":\"it-IT\",\"url\":\"https:\/\/www.steamfantasy.it\/blog\/wp-content\/uploads\/2018\/12\/Duca_avatar-small-2.jpg\",\"contentUrl\":\"https:\/\/www.steamfantasy.it\/blog\/wp-content\/uploads\/2018\/12\/Duca_avatar-small-2.jpg\",\"width\":279,\"height\":400},{\"@type\":\"WebPage\",\"@id\":\"https:\/\/www.steamfantasy.it\/blog\/informazioni-sul-sito\/#webpage\",\"url\":\"https:\/\/www.steamfantasy.it\/blog\/informazioni-sul-sito\/\",\"name\":\"Chi \\u00e8 il Duca di Baionette | Baionette Librarie\",\"isPartOf\":{\"@id\":\"https:\/\/www.steamfantasy.it\/blog\/#website\"},\"primaryImageOfPage\":{\"@id\":\"https:\/\/www.steamfantasy.it\/blog\/informazioni-sul-sito\/#primaryimage\"},\"datePublished\":\"2007-10-26T21:40:39+00:00\",\"dateModified\":\"2019-11-21T20:42:26+00:00\",\"breadcrumb\":{\"@id\":\"https:\/\/www.steamfantasy.it\/blog\/informazioni-sul-sito\/#breadcrumb\"},\"inLanguage\":\"it-IT\",\"potentialAction\":[{\"@type\":\"ReadAction\",\"target\":[\"https:\/\/www.steamfantasy.it\/blog\/informazioni-sul-sito\/\"]}]},{\"@type\":\"BreadcrumbList\",\"@id\":\"https:\/\/www.steamfantasy.it\/blog\/informazioni-sul-sito\/#breadcrumb\",\"itemListElement\":[{\"@type\":\"ListItem\",\"position\":1,\"name\":\"Home\",\"item\":\"https:\/\/www.steamfantasy.it\/blog\/\"},{\"@type\":\"ListItem\",\"position\":2,\"name\":\"Chi \\u00e8 il Duca di Baionette\"}]}]}<\/script>\n<!-- \/ Yoast SEO plugin. -->","yoast_head_json":{"title":"Chi \u00e8 il Duca di Baionette | Baionette Librarie","robots":{"index":"index","follow":"follow","max-snippet":"max-snippet:-1","max-image-preview":"max-image-preview:large","max-video-preview":"max-video-preview:-1"},"canonical":"https:\/\/www.steamfantasy.it\/blog\/informazioni-sul-sito\/","og_locale":"it_IT","og_type":"article","og_title":"Chi \u00e8 il Duca di Baionette | Baionette Librarie","og_description":"Grazie per aver visitato il mio blog, Io sono il Duca di Baionette, nome d&#8217;arte sul web di Marco Carrara, e (stringendo-stringendo) sono un insegnanteContinua a leggere","og_url":"https:\/\/www.steamfantasy.it\/blog\/informazioni-sul-sito\/","og_site_name":"Baionette Librarie","article_modified_time":"2019-11-21T20:42:26+00:00","og_image":[{"url":"https:\/\/www.steamfantasy.it\/blog\/wp-content\/uploads\/2018\/12\/Duca_avatar-small-2.jpg"}],"twitter_card":"summary_large_image","twitter_site":"@DucadiBaionette","twitter_misc":{"Tempo di lettura stimato":"2 minuti"},"schema":{"@context":"https:\/\/schema.org","@graph":[{"@type":["Person","Organization"],"@id":"https:\/\/www.steamfantasy.it\/blog\/#\/schema\/person\/266e080252318183758aec8bce553a0e","name":"Il Duca di Baionette","image":{"@type":"ImageObject","@id":"https:\/\/www.steamfantasy.it\/blog\/#personlogo","inLanguage":"it-IT","url":"https:\/\/secure.gravatar.com\/avatar\/7704bf4dd24314ee178e39c3a51e37e1?s=96&d=monsterid&r=r","contentUrl":"https:\/\/secure.gravatar.com\/avatar\/7704bf4dd24314ee178e39c3a51e37e1?s=96&d=monsterid&r=r","caption":"Il Duca di Baionette"},"logo":{"@id":"https:\/\/www.steamfantasy.it\/blog\/#personlogo"},"description":"Sono appassionato di storia, neuroscienze e storytelling. Per lavoro gestisco corsi, online e dal vivo, di scrittura creativa e progettazione delle storie. Dal 2006 mi occupo in modo costante di narrativa fantastica e tecniche di scrittura. Nel 2007 ho fondato Baionette Librarie e nel gennaio 2012 ho avviato AgenziaDuca.it per trovare bravi autori e aiutarli a migliorare con corsi di scrittura mirati. Dal 2014 sono ideatore e direttore editoriale della collana di narrativa fantastica Vaporteppa. Nel gennaio 2017 ho avviato un canale YouTube.","sameAs":["http:\/\/www.steamfantasy.it\/blog"]},{"@type":"WebSite","@id":"https:\/\/www.steamfantasy.it\/blog\/#website","url":"https:\/\/www.steamfantasy.it\/blog\/","name":"Baionette Librarie","description":"La Libert\u00e0 \u00e8 la libert\u00e0 di dire che due pi\u00f9 due fa quattro","publisher":{"@id":"https:\/\/www.steamfantasy.it\/blog\/#\/schema\/person\/266e080252318183758aec8bce553a0e"},"potentialAction":[{"@type":"SearchAction","target":{"@type":"EntryPoint","urlTemplate":"https:\/\/www.steamfantasy.it\/blog\/?s={search_term_string}"},"query-input":"required name=search_term_string"}],"inLanguage":"it-IT"},{"@type":"ImageObject","@id":"https:\/\/www.steamfantasy.it\/blog\/informazioni-sul-sito\/#primaryimage","inLanguage":"it-IT","url":"https:\/\/www.steamfantasy.it\/blog\/wp-content\/uploads\/2018\/12\/Duca_avatar-small-2.jpg","contentUrl":"https:\/\/www.steamfantasy.it\/blog\/wp-content\/uploads\/2018\/12\/Duca_avatar-small-2.jpg","width":279,"height":400},{"@type":"WebPage","@id":"https:\/\/www.steamfantasy.it\/blog\/informazioni-sul-sito\/#webpage","url":"https:\/\/www.steamfantasy.it\/blog\/informazioni-sul-sito\/","name":"Chi \u00e8 il Duca di Baionette | Baionette Librarie","isPartOf":{"@id":"https:\/\/www.steamfantasy.it\/blog\/#website"},"primaryImageOfPage":{"@id":"https:\/\/www.steamfantasy.it\/blog\/informazioni-sul-sito\/#primaryimage"},"datePublished":"2007-10-26T21:40:39+00:00","dateModified":"2019-11-21T20:42:26+00:00","breadcrumb":{"@id":"https:\/\/www.steamfantasy.it\/blog\/informazioni-sul-sito\/#breadcrumb"},"inLanguage":"it-IT","potentialAction":[{"@type":"ReadAction","target":["https:\/\/www.steamfantasy.it\/blog\/informazioni-sul-sito\/"]}]},{"@type":"BreadcrumbList","@id":"https:\/\/www.steamfantasy.it\/blog\/informazioni-sul-sito\/#breadcrumb","itemListElement":[{"@type":"ListItem","position":1,"name":"Home","item":"https:\/\/www.steamfantasy.it\/blog\/"},{"@type":"ListItem","position":2,"name":"Chi \u00e8 il Duca di Baionette"}]}]}},"jetpack_shortlink":"https:\/\/wp.me\/Pd1SA-3","jetpack_sharing_enabled":true,"jetpack-related-posts":[],"_links":{"self":[{"href":"https:\/\/www.steamfantasy.it\/blog\/wp-json\/wp\/v2\/pages\/3"}],"collection":[{"href":"https:\/\/www.steamfantasy.it\/blog\/wp-json\/wp\/v2\/pages"}],"about":[{"href":"https:\/\/www.steamfantasy.it\/blog\/wp-json\/wp\/v2\/types\/page"}],"author":[{"embeddable":true,"href":"https:\/\/www.steamfantasy.it\/blog\/wp-json\/wp\/v2\/users\/1"}],"replies":[{"embeddable":true,"href":"https:\/\/www.steamfantasy.it\/blog\/wp-json\/wp\/v2\/comments?post=3"}],"version-history":[{"count":0,"href":"https:\/\/www.steamfantasy.it\/blog\/wp-json\/wp\/v2\/pages\/3\/revisions"}],"wp:attachment":[{"href":"https:\/\/www.steamfantasy.it\/blog\/wp-json\/wp\/v2\/media?parent=3"}],"curies":[{"name":"wp","href":"https:\/\/api.w.org\/{rel}","templated":true}]}}