{"id":9903,"date":"2010-11-01T00:32:20","date_gmt":"2010-10-31T23:32:20","guid":{"rendered":"http:\/\/www.steamfantasy.it\/blog\/"},"modified":"2011-07-24T20:06:45","modified_gmt":"2011-07-24T18:06:45","slug":"osservatorio-fatine","status":"publish","type":"page","link":"https:\/\/www.steamfantasy.it\/blog\/osservatorio-fatine\/","title":{"rendered":"Osservatorio Fatine"},"content":{"rendered":"<p>Avete avvistato una fatina? Segnalatelo nei commenti o via mail, scrivendo a <a href=\"mailto:osservatorio.fatine@gmail.com\">osservatorio.fatine@gmail.com<\/a>. Ma prima consultate le linee guida dell\u2019Osservatorio, indicate in <a href=\"http:\/\/www.steamfantasy.it\/blog\/2010\/11\/01\/inaugurazione-dellosservatorio-fatine\/#linee_guida_osservatorio\">questo articolo<\/a>.<\/p>\n<p align=\"center\"><iframe loading=\"lazy\" src=\"http:\/\/fantasy.gamberi.org\/gamberi\/fatine\/fatine.php?f=steam\" align=\"center\" frameborder=\"0\" width=\"100%\" height=\"4600px\" scrolling=\"no\" style=\"border-color: #F9DDDD; border-width: 0px; border-style: solid;\"><\/iframe><\/p>\n","protected":false},"excerpt":{"rendered":"<p>Avete avvistato una fatina? Segnalatelo nei commenti o via mail, scrivendo a osservatorio.fatine@gmail.com. Ma prima consultate le linee guida dell\u2019Osservatorio, indicate in questo articolo.<\/p>\n","protected":false},"author":1,"featured_media":0,"parent":0,"menu_order":0,"comment_status":"open","ping_status":"closed","template":"","meta":{"jetpack_post_was_ever_published":false,"footnotes":""},"yoast_head":"<!-- This site is optimized with the Yoast SEO plugin v17.5 - https:\/\/yoast.com\/wordpress\/plugins\/seo\/ -->\n<title>Osservatorio Fatine | Baionette Librarie<\/title>\n<meta name=\"robots\" content=\"index, follow, max-snippet:-1, max-image-preview:large, max-video-preview:-1\" \/>\n<link rel=\"canonical\" href=\"https:\/\/www.steamfantasy.it\/blog\/osservatorio-fatine\/\" \/>\n<meta property=\"og:locale\" content=\"it_IT\" \/>\n<meta property=\"og:type\" content=\"article\" \/>\n<meta property=\"og:title\" content=\"Osservatorio Fatine | Baionette Librarie\" \/>\n<meta property=\"og:description\" content=\"Avete avvistato una fatina? Segnalatelo nei commenti o via mail, scrivendo a osservatorio.fatine@gmail.com. Ma prima consultate le linee guida dell\u2019Osservatorio, indicate in questo articolo.\" \/>\n<meta property=\"og:url\" content=\"https:\/\/www.steamfantasy.it\/blog\/osservatorio-fatine\/\" \/>\n<meta property=\"og:site_name\" content=\"Baionette Librarie\" \/>\n<meta property=\"article:modified_time\" content=\"2011-07-24T18:06:45+00:00\" \/>\n<meta name=\"twitter:card\" content=\"summary_large_image\" \/>\n<meta name=\"twitter:site\" content=\"@DucadiBaionette\" \/>\n<script type=\"application\/ld+json\" class=\"yoast-schema-graph\">{\"@context\":\"https:\/\/schema.org\",\"@graph\":[{\"@type\":[\"Person\",\"Organization\"],\"@id\":\"https:\/\/www.steamfantasy.it\/blog\/#\/schema\/person\/266e080252318183758aec8bce553a0e\",\"name\":\"Il Duca di Baionette\",\"image\":{\"@type\":\"ImageObject\",\"@id\":\"https:\/\/www.steamfantasy.it\/blog\/#personlogo\",\"inLanguage\":\"it-IT\",\"url\":\"https:\/\/secure.gravatar.com\/avatar\/7704bf4dd24314ee178e39c3a51e37e1?s=96&d=monsterid&r=r\",\"contentUrl\":\"https:\/\/secure.gravatar.com\/avatar\/7704bf4dd24314ee178e39c3a51e37e1?s=96&d=monsterid&r=r\",\"caption\":\"Il Duca di Baionette\"},\"logo\":{\"@id\":\"https:\/\/www.steamfantasy.it\/blog\/#personlogo\"},\"description\":\"Sono appassionato di storia, neuroscienze e storytelling. Per lavoro gestisco corsi, online e dal vivo, di scrittura creativa e progettazione delle storie. Dal 2006 mi occupo in modo costante di narrativa fantastica e tecniche di scrittura. Nel 2007 ho fondato Baionette Librarie e nel gennaio 2012 ho avviato AgenziaDuca.it per trovare bravi autori e aiutarli a migliorare con corsi di scrittura mirati. Dal 2014 sono ideatore e direttore editoriale della collana di narrativa fantastica Vaporteppa. Nel gennaio 2017 ho avviato un canale YouTube.\",\"sameAs\":[\"http:\/\/www.steamfantasy.it\/blog\"]},{\"@type\":\"WebSite\",\"@id\":\"https:\/\/www.steamfantasy.it\/blog\/#website\",\"url\":\"https:\/\/www.steamfantasy.it\/blog\/\",\"name\":\"Baionette Librarie\",\"description\":\"La Libert\\u00e0 \\u00e8 la libert\\u00e0 di dire che due pi\\u00f9 due fa quattro\",\"publisher\":{\"@id\":\"https:\/\/www.steamfantasy.it\/blog\/#\/schema\/person\/266e080252318183758aec8bce553a0e\"},\"potentialAction\":[{\"@type\":\"SearchAction\",\"target\":{\"@type\":\"EntryPoint\",\"urlTemplate\":\"https:\/\/www.steamfantasy.it\/blog\/?s={search_term_string}\"},\"query-input\":\"required name=search_term_string\"}],\"inLanguage\":\"it-IT\"},{\"@type\":\"WebPage\",\"@id\":\"https:\/\/www.steamfantasy.it\/blog\/osservatorio-fatine\/#webpage\",\"url\":\"https:\/\/www.steamfantasy.it\/blog\/osservatorio-fatine\/\",\"name\":\"Osservatorio Fatine | Baionette Librarie\",\"isPartOf\":{\"@id\":\"https:\/\/www.steamfantasy.it\/blog\/#website\"},\"datePublished\":\"2010-10-31T23:32:20+00:00\",\"dateModified\":\"2011-07-24T18:06:45+00:00\",\"breadcrumb\":{\"@id\":\"https:\/\/www.steamfantasy.it\/blog\/osservatorio-fatine\/#breadcrumb\"},\"inLanguage\":\"it-IT\",\"potentialAction\":[{\"@type\":\"ReadAction\",\"target\":[\"https:\/\/www.steamfantasy.it\/blog\/osservatorio-fatine\/\"]}]},{\"@type\":\"BreadcrumbList\",\"@id\":\"https:\/\/www.steamfantasy.it\/blog\/osservatorio-fatine\/#breadcrumb\",\"itemListElement\":[{\"@type\":\"ListItem\",\"position\":1,\"name\":\"Home\",\"item\":\"https:\/\/www.steamfantasy.it\/blog\/\"},{\"@type\":\"ListItem\",\"position\":2,\"name\":\"Osservatorio Fatine\"}]}]}<\/script>\n<!-- \/ Yoast SEO plugin. -->","yoast_head_json":{"title":"Osservatorio Fatine | Baionette Librarie","robots":{"index":"index","follow":"follow","max-snippet":"max-snippet:-1","max-image-preview":"max-image-preview:large","max-video-preview":"max-video-preview:-1"},"canonical":"https:\/\/www.steamfantasy.it\/blog\/osservatorio-fatine\/","og_locale":"it_IT","og_type":"article","og_title":"Osservatorio Fatine | Baionette Librarie","og_description":"Avete avvistato una fatina? Segnalatelo nei commenti o via mail, scrivendo a osservatorio.fatine@gmail.com. Ma prima consultate le linee guida dell\u2019Osservatorio, indicate in questo articolo.","og_url":"https:\/\/www.steamfantasy.it\/blog\/osservatorio-fatine\/","og_site_name":"Baionette Librarie","article_modified_time":"2011-07-24T18:06:45+00:00","twitter_card":"summary_large_image","twitter_site":"@DucadiBaionette","schema":{"@context":"https:\/\/schema.org","@graph":[{"@type":["Person","Organization"],"@id":"https:\/\/www.steamfantasy.it\/blog\/#\/schema\/person\/266e080252318183758aec8bce553a0e","name":"Il Duca di Baionette","image":{"@type":"ImageObject","@id":"https:\/\/www.steamfantasy.it\/blog\/#personlogo","inLanguage":"it-IT","url":"https:\/\/secure.gravatar.com\/avatar\/7704bf4dd24314ee178e39c3a51e37e1?s=96&d=monsterid&r=r","contentUrl":"https:\/\/secure.gravatar.com\/avatar\/7704bf4dd24314ee178e39c3a51e37e1?s=96&d=monsterid&r=r","caption":"Il Duca di Baionette"},"logo":{"@id":"https:\/\/www.steamfantasy.it\/blog\/#personlogo"},"description":"Sono appassionato di storia, neuroscienze e storytelling. Per lavoro gestisco corsi, online e dal vivo, di scrittura creativa e progettazione delle storie. Dal 2006 mi occupo in modo costante di narrativa fantastica e tecniche di scrittura. Nel 2007 ho fondato Baionette Librarie e nel gennaio 2012 ho avviato AgenziaDuca.it per trovare bravi autori e aiutarli a migliorare con corsi di scrittura mirati. Dal 2014 sono ideatore e direttore editoriale della collana di narrativa fantastica Vaporteppa. Nel gennaio 2017 ho avviato un canale YouTube.","sameAs":["http:\/\/www.steamfantasy.it\/blog"]},{"@type":"WebSite","@id":"https:\/\/www.steamfantasy.it\/blog\/#website","url":"https:\/\/www.steamfantasy.it\/blog\/","name":"Baionette Librarie","description":"La Libert\u00e0 \u00e8 la libert\u00e0 di dire che due pi\u00f9 due fa quattro","publisher":{"@id":"https:\/\/www.steamfantasy.it\/blog\/#\/schema\/person\/266e080252318183758aec8bce553a0e"},"potentialAction":[{"@type":"SearchAction","target":{"@type":"EntryPoint","urlTemplate":"https:\/\/www.steamfantasy.it\/blog\/?s={search_term_string}"},"query-input":"required name=search_term_string"}],"inLanguage":"it-IT"},{"@type":"WebPage","@id":"https:\/\/www.steamfantasy.it\/blog\/osservatorio-fatine\/#webpage","url":"https:\/\/www.steamfantasy.it\/blog\/osservatorio-fatine\/","name":"Osservatorio Fatine | Baionette Librarie","isPartOf":{"@id":"https:\/\/www.steamfantasy.it\/blog\/#website"},"datePublished":"2010-10-31T23:32:20+00:00","dateModified":"2011-07-24T18:06:45+00:00","breadcrumb":{"@id":"https:\/\/www.steamfantasy.it\/blog\/osservatorio-fatine\/#breadcrumb"},"inLanguage":"it-IT","potentialAction":[{"@type":"ReadAction","target":["https:\/\/www.steamfantasy.it\/blog\/osservatorio-fatine\/"]}]},{"@type":"BreadcrumbList","@id":"https:\/\/www.steamfantasy.it\/blog\/osservatorio-fatine\/#breadcrumb","itemListElement":[{"@type":"ListItem","position":1,"name":"Home","item":"https:\/\/www.steamfantasy.it\/blog\/"},{"@type":"ListItem","position":2,"name":"Osservatorio Fatine"}]}]}},"jetpack_shortlink":"https:\/\/wp.me\/Pd1SA-2zJ","jetpack_sharing_enabled":true,"jetpack-related-posts":[],"_links":{"self":[{"href":"https:\/\/www.steamfantasy.it\/blog\/wp-json\/wp\/v2\/pages\/9903"}],"collection":[{"href":"https:\/\/www.steamfantasy.it\/blog\/wp-json\/wp\/v2\/pages"}],"about":[{"href":"https:\/\/www.steamfantasy.it\/blog\/wp-json\/wp\/v2\/types\/page"}],"author":[{"embeddable":true,"href":"https:\/\/www.steamfantasy.it\/blog\/wp-json\/wp\/v2\/users\/1"}],"replies":[{"embeddable":true,"href":"https:\/\/www.steamfantasy.it\/blog\/wp-json\/wp\/v2\/comments?post=9903"}],"version-history":[{"count":0,"href":"https:\/\/www.steamfantasy.it\/blog\/wp-json\/wp\/v2\/pages\/9903\/revisions"}],"wp:attachment":[{"href":"https:\/\/www.steamfantasy.it\/blog\/wp-json\/wp\/v2\/media?parent=9903"}],"curies":[{"name":"wp","href":"https:\/\/api.w.org\/{rel}","templated":true}]}}